{"id":7017,"date":"2020-02-05T16:05:10","date_gmt":"2020-02-05T15:05:10","guid":{"rendered":"http:\/\/zintek.attivamultimedia.com\/?page_id=7017"},"modified":"2020-03-04T17:09:34","modified_gmt":"2020-03-04T16:09:34","slug":"specialization-course-on-facades","status":"publish","type":"page","link":"https:\/\/www.zintek.it\/en\/who-we-are\/company-structure\/training-division\/tinsmithery-school\/specialization-course-on-facades\/","title":{"rendered":"Specialization course on Fa\u00e7ades"},"content":{"rendered":"\n<h4 class=\"wp-block-heading\"><strong>Topics<\/strong><\/h4>\n\n\n\n<ul class=\"wp-block-list\"><li>Construction of fa\u00e7ades based on physical principles <\/li><li>Summer and winter thermal insulation <\/li><li>The ventilation gap <\/li><li>Calculating wind loads for fa\u00e7ades <\/li><li>Substructure requirements <\/li><li>Examples of ventilated fa\u00e7ades with zintek\u00ae cladding<\/li><li>Flashings for fa\u00e7ade cladding<\/li><li>Fa\u00e7ade cladding with seaming techniques and profiled<\/li><li>Influence of air streams on roof and fa\u00e7ade gables<\/li><li>Masonry structures with fastening systems and longitudinal expansion joints<\/li><li>Division of surfaces for distribution of the slabs<\/li><li>Lateral connections on walls<\/li><li>Fa\u00e7ade cladding with vertical and horizontal interlocking panels<\/li><\/ul>\n","protected":false},"excerpt":{"rendered":"<p>Topics Construction of fa\u00e7ades based on physical principles Summer and winter thermal insulation The ventilation gap Calculating wind loads for fa\u00e7ades Substructure requirements Examples of ventilated fa\u00e7ades with zintek\u00ae cladding Flashings for fa\u00e7ade cladding Fa\u00e7ade cladding with seaming techniques and profiled Influence of air streams on roof and fa\u00e7ade gables Masonry structures with fastening systems [&hellip;]<\/p>\n","protected":false},"author":3,"featured_media":6208,"parent":7008,"menu_order":2,"comment_status":"closed","ping_status":"closed","template":"","meta":{"_acf_changed":false,"footnotes":""},"page_category":[153],"class_list":["post-7017","page","type-page","status-publish","has-post-thumbnail","hentry","page_category-corsi"],"acf":[],"yoast_head":"<!-- This site is optimized with the Yoast SEO plugin v27.1.1 - https:\/\/yoast.com\/product\/yoast-seo-wordpress\/ -->\n<title>Specialization course on Fa\u00e7ades - Zintek<\/title>\n<meta name=\"robots\" content=\"index, follow, max-snippet:-1, max-image-preview:large, max-video-preview:-1\" \/>\n<link rel=\"canonical\" href=\"https:\/\/www.zintek.it\/en\/who-we-are\/company-structure\/training-division\/tinsmithery-school\/specialization-course-on-facades\/\" \/>\n<meta property=\"og:locale\" content=\"en_US\" \/>\n<meta property=\"og:type\" content=\"article\" \/>\n<meta property=\"og:title\" content=\"Specialization course on Fa\u00e7ades - Zintek\" \/>\n<meta property=\"og:description\" content=\"Topics Construction of fa\u00e7ades based on physical principles Summer and winter thermal insulation The ventilation gap Calculating wind loads for fa\u00e7ades Substructure requirements Examples of ventilated fa\u00e7ades with zintek\u00ae cladding Flashings for fa\u00e7ade cladding Fa\u00e7ade cladding with seaming techniques and profiled Influence of air streams on roof and fa\u00e7ade gables Masonry structures with fastening systems [&hellip;]\" \/>\n<meta property=\"og:url\" content=\"https:\/\/www.zintek.it\/en\/who-we-are\/company-structure\/training-division\/tinsmithery-school\/specialization-course-on-facades\/\" \/>\n<meta property=\"og:site_name\" content=\"Zintek\" \/>\n<meta property=\"article:publisher\" content=\"https:\/\/www.facebook.com\/ZintekSrl\" \/>\n<meta property=\"article:modified_time\" content=\"2020-03-04T16:09:34+00:00\" \/>\n<meta property=\"og:image\" content=\"https:\/\/www.zintek.it\/wp-content\/uploads\/2020\/01\/corsi-zintek-facciate.jpg\" \/>\n\t<meta property=\"og:image:width\" content=\"1920\" \/>\n\t<meta property=\"og:image:height\" content=\"1080\" \/>\n\t<meta property=\"og:image:type\" content=\"image\/jpeg\" \/>\n<meta name=\"twitter:card\" content=\"summary_large_image\" \/>\n<script type=\"application\/ld+json\" class=\"yoast-schema-graph\">{\"@context\":\"https:\/\/schema.org\",\"@graph\":[{\"@type\":\"WebPage\",\"@id\":\"https:\/\/www.zintek.it\/en\/who-we-are\/company-structure\/training-division\/tinsmithery-school\/specialization-course-on-facades\/\",\"url\":\"https:\/\/www.zintek.it\/en\/who-we-are\/company-structure\/training-division\/tinsmithery-school\/specialization-course-on-facades\/\",\"name\":\"Specialization course on Fa\u00e7ades - Zintek\",\"isPartOf\":{\"@id\":\"https:\/\/www.zintek.it\/en\/#website\"},\"primaryImageOfPage\":{\"@id\":\"https:\/\/www.zintek.it\/en\/who-we-are\/company-structure\/training-division\/tinsmithery-school\/specialization-course-on-facades\/#primaryimage\"},\"image\":{\"@id\":\"https:\/\/www.zintek.it\/en\/who-we-are\/company-structure\/training-division\/tinsmithery-school\/specialization-course-on-facades\/#primaryimage\"},\"thumbnailUrl\":\"https:\/\/www.zintek.it\/wp-content\/uploads\/2020\/01\/corsi-zintek-facciate.jpg\",\"datePublished\":\"2020-02-05T15:05:10+00:00\",\"dateModified\":\"2020-03-04T16:09:34+00:00\",\"breadcrumb\":{\"@id\":\"https:\/\/www.zintek.it\/en\/who-we-are\/company-structure\/training-division\/tinsmithery-school\/specialization-course-on-facades\/#breadcrumb\"},\"inLanguage\":\"en-US\",\"potentialAction\":[{\"@type\":\"ReadAction\",\"target\":[\"https:\/\/www.zintek.it\/en\/who-we-are\/company-structure\/training-division\/tinsmithery-school\/specialization-course-on-facades\/\"]}]},{\"@type\":\"ImageObject\",\"inLanguage\":\"en-US\",\"@id\":\"https:\/\/www.zintek.it\/en\/who-we-are\/company-structure\/training-division\/tinsmithery-school\/specialization-course-on-facades\/#primaryimage\",\"url\":\"https:\/\/www.zintek.it\/wp-content\/uploads\/2020\/01\/corsi-zintek-facciate.jpg\",\"contentUrl\":\"https:\/\/www.zintek.it\/wp-content\/uploads\/2020\/01\/corsi-zintek-facciate.jpg\",\"width\":1920,\"height\":1080},{\"@type\":\"BreadcrumbList\",\"@id\":\"https:\/\/www.zintek.it\/en\/who-we-are\/company-structure\/training-division\/tinsmithery-school\/specialization-course-on-facades\/#breadcrumb\",\"itemListElement\":[{\"@type\":\"ListItem\",\"position\":1,\"name\":\"Home\",\"item\":\"https:\/\/www.zintek.it\/en\/\"},{\"@type\":\"ListItem\",\"position\":2,\"name\":\"Who we are\",\"item\":\"https:\/\/www.zintek.it\/en\/who-we-are\/\"},{\"@type\":\"ListItem\",\"position\":3,\"name\":\"Company structure\",\"item\":\"https:\/\/www.zintek.it\/en\/who-we-are\/company-structure\/\"},{\"@type\":\"ListItem\",\"position\":4,\"name\":\"Training division\",\"item\":\"https:\/\/www.zintek.it\/en\/who-we-are\/company-structure\/training-division\/\"},{\"@type\":\"ListItem\",\"position\":5,\"name\":\"Tinsmithery school\",\"item\":\"https:\/\/www.zintek.it\/en\/who-we-are\/company-structure\/training-division\/tinsmithery-school\/\"},{\"@type\":\"ListItem\",\"position\":6,\"name\":\"Specialization course on Fa\u00e7ades\"}]},{\"@type\":\"WebSite\",\"@id\":\"https:\/\/www.zintek.it\/en\/#website\",\"url\":\"https:\/\/www.zintek.it\/en\/\",\"name\":\"Zintek: Coperture e Rivestimenti in laminato zinco-titanio\",\"description\":\"titanium-zinc in architecture\",\"publisher\":{\"@id\":\"https:\/\/www.zintek.it\/en\/#organization\"},\"potentialAction\":[{\"@type\":\"SearchAction\",\"target\":{\"@type\":\"EntryPoint\",\"urlTemplate\":\"https:\/\/www.zintek.it\/en\/?s={search_term_string}\"},\"query-input\":{\"@type\":\"PropertyValueSpecification\",\"valueRequired\":true,\"valueName\":\"search_term_string\"}}],\"inLanguage\":\"en-US\"},{\"@type\":\"Organization\",\"@id\":\"https:\/\/www.zintek.it\/en\/#organization\",\"name\":\"Zintek Srl\",\"url\":\"https:\/\/www.zintek.it\/en\/\",\"logo\":{\"@type\":\"ImageObject\",\"inLanguage\":\"en-US\",\"@id\":\"https:\/\/www.zintek.it\/en\/#\/schema\/logo\/image\/\",\"url\":\"https:\/\/www.zintek.it\/wp-content\/uploads\/2020\/02\/logo-ZINTEK-IT-nero.png\",\"contentUrl\":\"https:\/\/www.zintek.it\/wp-content\/uploads\/2020\/02\/logo-ZINTEK-IT-nero.png\",\"width\":480,\"height\":86,\"caption\":\"Zintek Srl\"},\"image\":{\"@id\":\"https:\/\/www.zintek.it\/en\/#\/schema\/logo\/image\/\"},\"sameAs\":[\"https:\/\/www.facebook.com\/ZintekSrl\",\"https:\/\/www.instagram.com\/zintek_official\/\",\"https:\/\/www.linkedin.com\/company\/zintek\/\",\"https:\/\/www.pinterest.it\/zintek\/\",\"https:\/\/www.youtube.com\/channel\/UCFx20rqQN2rP7iV4rRYVRGg\/\"]}]}<\/script>\n<!-- \/ Yoast SEO plugin. -->","yoast_head_json":{"title":"Specialization course on Fa\u00e7ades - Zintek","robots":{"index":"index","follow":"follow","max-snippet":"max-snippet:-1","max-image-preview":"max-image-preview:large","max-video-preview":"max-video-preview:-1"},"canonical":"https:\/\/www.zintek.it\/en\/who-we-are\/company-structure\/training-division\/tinsmithery-school\/specialization-course-on-facades\/","og_locale":"en_US","og_type":"article","og_title":"Specialization course on Fa\u00e7ades - Zintek","og_description":"Topics Construction of fa\u00e7ades based on physical principles Summer and winter thermal insulation The ventilation gap Calculating wind loads for fa\u00e7ades Substructure requirements Examples of ventilated fa\u00e7ades with zintek\u00ae cladding Flashings for fa\u00e7ade cladding Fa\u00e7ade cladding with seaming techniques and profiled Influence of air streams on roof and fa\u00e7ade gables Masonry structures with fastening systems [&hellip;]","og_url":"https:\/\/www.zintek.it\/en\/who-we-are\/company-structure\/training-division\/tinsmithery-school\/specialization-course-on-facades\/","og_site_name":"Zintek","article_publisher":"https:\/\/www.facebook.com\/ZintekSrl","article_modified_time":"2020-03-04T16:09:34+00:00","og_image":[{"width":1920,"height":1080,"url":"https:\/\/www.zintek.it\/wp-content\/uploads\/2020\/01\/corsi-zintek-facciate.jpg","type":"image\/jpeg"}],"twitter_card":"summary_large_image","schema":{"@context":"https:\/\/schema.org","@graph":[{"@type":"WebPage","@id":"https:\/\/www.zintek.it\/en\/who-we-are\/company-structure\/training-division\/tinsmithery-school\/specialization-course-on-facades\/","url":"https:\/\/www.zintek.it\/en\/who-we-are\/company-structure\/training-division\/tinsmithery-school\/specialization-course-on-facades\/","name":"Specialization course on Fa\u00e7ades - Zintek","isPartOf":{"@id":"https:\/\/www.zintek.it\/en\/#website"},"primaryImageOfPage":{"@id":"https:\/\/www.zintek.it\/en\/who-we-are\/company-structure\/training-division\/tinsmithery-school\/specialization-course-on-facades\/#primaryimage"},"image":{"@id":"https:\/\/www.zintek.it\/en\/who-we-are\/company-structure\/training-division\/tinsmithery-school\/specialization-course-on-facades\/#primaryimage"},"thumbnailUrl":"https:\/\/www.zintek.it\/wp-content\/uploads\/2020\/01\/corsi-zintek-facciate.jpg","datePublished":"2020-02-05T15:05:10+00:00","dateModified":"2020-03-04T16:09:34+00:00","breadcrumb":{"@id":"https:\/\/www.zintek.it\/en\/who-we-are\/company-structure\/training-division\/tinsmithery-school\/specialization-course-on-facades\/#breadcrumb"},"inLanguage":"en-US","potentialAction":[{"@type":"ReadAction","target":["https:\/\/www.zintek.it\/en\/who-we-are\/company-structure\/training-division\/tinsmithery-school\/specialization-course-on-facades\/"]}]},{"@type":"ImageObject","inLanguage":"en-US","@id":"https:\/\/www.zintek.it\/en\/who-we-are\/company-structure\/training-division\/tinsmithery-school\/specialization-course-on-facades\/#primaryimage","url":"https:\/\/www.zintek.it\/wp-content\/uploads\/2020\/01\/corsi-zintek-facciate.jpg","contentUrl":"https:\/\/www.zintek.it\/wp-content\/uploads\/2020\/01\/corsi-zintek-facciate.jpg","width":1920,"height":1080},{"@type":"BreadcrumbList","@id":"https:\/\/www.zintek.it\/en\/who-we-are\/company-structure\/training-division\/tinsmithery-school\/specialization-course-on-facades\/#breadcrumb","itemListElement":[{"@type":"ListItem","position":1,"name":"Home","item":"https:\/\/www.zintek.it\/en\/"},{"@type":"ListItem","position":2,"name":"Who we are","item":"https:\/\/www.zintek.it\/en\/who-we-are\/"},{"@type":"ListItem","position":3,"name":"Company structure","item":"https:\/\/www.zintek.it\/en\/who-we-are\/company-structure\/"},{"@type":"ListItem","position":4,"name":"Training division","item":"https:\/\/www.zintek.it\/en\/who-we-are\/company-structure\/training-division\/"},{"@type":"ListItem","position":5,"name":"Tinsmithery school","item":"https:\/\/www.zintek.it\/en\/who-we-are\/company-structure\/training-division\/tinsmithery-school\/"},{"@type":"ListItem","position":6,"name":"Specialization course on Fa\u00e7ades"}]},{"@type":"WebSite","@id":"https:\/\/www.zintek.it\/en\/#website","url":"https:\/\/www.zintek.it\/en\/","name":"Zintek: Coperture e Rivestimenti in laminato zinco-titanio","description":"titanium-zinc in architecture","publisher":{"@id":"https:\/\/www.zintek.it\/en\/#organization"},"potentialAction":[{"@type":"SearchAction","target":{"@type":"EntryPoint","urlTemplate":"https:\/\/www.zintek.it\/en\/?s={search_term_string}"},"query-input":{"@type":"PropertyValueSpecification","valueRequired":true,"valueName":"search_term_string"}}],"inLanguage":"en-US"},{"@type":"Organization","@id":"https:\/\/www.zintek.it\/en\/#organization","name":"Zintek Srl","url":"https:\/\/www.zintek.it\/en\/","logo":{"@type":"ImageObject","inLanguage":"en-US","@id":"https:\/\/www.zintek.it\/en\/#\/schema\/logo\/image\/","url":"https:\/\/www.zintek.it\/wp-content\/uploads\/2020\/02\/logo-ZINTEK-IT-nero.png","contentUrl":"https:\/\/www.zintek.it\/wp-content\/uploads\/2020\/02\/logo-ZINTEK-IT-nero.png","width":480,"height":86,"caption":"Zintek Srl"},"image":{"@id":"https:\/\/www.zintek.it\/en\/#\/schema\/logo\/image\/"},"sameAs":["https:\/\/www.facebook.com\/ZintekSrl","https:\/\/www.instagram.com\/zintek_official\/","https:\/\/www.linkedin.com\/company\/zintek\/","https:\/\/www.pinterest.it\/zintek\/","https:\/\/www.youtube.com\/channel\/UCFx20rqQN2rP7iV4rRYVRGg\/"]}]}},"_links":{"self":[{"href":"https:\/\/www.zintek.it\/en\/wp-json\/wp\/v2\/pages\/7017","targetHints":{"allow":["GET"]}}],"collection":[{"href":"https:\/\/www.zintek.it\/en\/wp-json\/wp\/v2\/pages"}],"about":[{"href":"https:\/\/www.zintek.it\/en\/wp-json\/wp\/v2\/types\/page"}],"author":[{"embeddable":true,"href":"https:\/\/www.zintek.it\/en\/wp-json\/wp\/v2\/users\/3"}],"replies":[{"embeddable":true,"href":"https:\/\/www.zintek.it\/en\/wp-json\/wp\/v2\/comments?post=7017"}],"version-history":[{"count":0,"href":"https:\/\/www.zintek.it\/en\/wp-json\/wp\/v2\/pages\/7017\/revisions"}],"up":[{"embeddable":true,"href":"https:\/\/www.zintek.it\/en\/wp-json\/wp\/v2\/pages\/7008"}],"wp:featuredmedia":[{"embeddable":true,"href":"https:\/\/www.zintek.it\/en\/wp-json\/wp\/v2\/media\/6208"}],"wp:attachment":[{"href":"https:\/\/www.zintek.it\/en\/wp-json\/wp\/v2\/media?parent=7017"}],"wp:term":[{"taxonomy":"page_category","embeddable":true,"href":"https:\/\/www.zintek.it\/en\/wp-json\/wp\/v2\/page_category?post=7017"}],"curies":[{"name":"wp","href":"https:\/\/api.w.org\/{rel}","templated":true}]}}