{"id":6791,"date":"2019-12-16T15:27:18","date_gmt":"2019-12-16T14:27:18","guid":{"rendered":"http:\/\/zintek.attivamultimedia.com\/?page_id=6791"},"modified":"2023-09-28T11:31:22","modified_gmt":"2023-09-28T09:31:22","slug":"environmental-management-system","status":"publish","type":"page","link":"https:\/\/www.zintek.it\/en\/who-we-are\/certifications\/environmental-management-system\/","title":{"rendered":"Environmental Management System"},"content":{"rendered":"\t\t<div data-elementor-type=\"wp-page\" data-elementor-id=\"6791\" class=\"elementor elementor-6791 elementor-3022\" data-elementor-post-type=\"page\">\n\t\t\t\t\t\t<section data-particle_enable=\"false\" data-particle-mobile-disabled=\"false\" class=\"elementor-section elementor-top-section elementor-element elementor-element-1c6dcdc elementor-section-boxed elementor-section-height-default elementor-section-height-default\" data-id=\"1c6dcdc\" data-element_type=\"section\" data-e-type=\"section\">\n\t\t\t\t\t\t<div class=\"elementor-container elementor-column-gap-no\">\n\t\t\t\t\t<div class=\"elementor-column elementor-col-100 elementor-top-column elementor-element elementor-element-3db8abe\" data-id=\"3db8abe\" data-element_type=\"column\" data-e-type=\"column\">\n\t\t\t<div class=\"elementor-widget-wrap elementor-element-populated\">\n\t\t\t\t\t\t<div class=\"elementor-element elementor-element-fceb06e elementor-widget elementor-widget-image\" data-id=\"fceb06e\" data-element_type=\"widget\" data-e-type=\"widget\" data-widget_type=\"image.default\">\n\t\t\t\t<div class=\"elementor-widget-container\">\n\t\t\t\t\t\t\t\t\t\t\t\t\t\t\t<img decoding=\"async\" src=\"https:\/\/www.zintek.it\/wp-content\/uploads\/elementor\/thumbs\/Zintek-Certificazioni-AMBIENTALE-qldv8f9zot4eib81zc783thf5c3vsmwa9rj6sa3ogw.jpg\" title=\"Zintek-Certificazioni-AMBIENTALE\" alt=\"Zintek-Certificazioni-AMBIENTALE\" loading=\"lazy\" \/>\t\t\t\t\t\t\t\t\t\t\t\t\t\t\t<\/div>\n\t\t\t\t<\/div>\n\t\t\t\t<div class=\"elementor-element elementor-element-c4496e8 elementor-widget elementor-widget-text-editor\" data-id=\"c4496e8\" data-element_type=\"widget\" data-e-type=\"widget\" data-widget_type=\"text-editor.default\">\n\t\t\t\t<div class=\"elementor-widget-container\">\n\t\t\t\t\t\t\t\t\t<p>La certificazione \u00e8, quindi, frutto della scelta volontaria dell&#8217;azienda che ha deciso di stabilire, attuare e mantenere attivo e in costante miglioramento il proprio sistema di gestione ambientale al fine di ottenere:<\/p>\n<ul>\n<li><strong>il raggiungimento<\/strong> delle prestazioni ambientali;<\/li>\n<li><strong>l&#8217;adempimento<\/strong> degli obblighi di conformit\u00e0;<\/li>\n<li><strong>l\u2019attuazione<\/strong> degli obiettivi ambientali.<\/li>\n<\/ul>\n<p>Zintek si impegna ad attuare una politica ambientale ben definita, intendendo come tale la mission aziendale nei confronti dell\u2019ambiente, ad avere una costante valutazione di rischi e opportunit\u00e0, ad applicare una serie di obblighi di conformit\u00e0 e costanti azioni di monitoraggio, accompagnati da attivit\u00e0 di audit interni.<\/p>\n<p>Nello specifico, un approccio alla gestione ambientale consente di ridurre al minimo gli sprechi e fornisce spunti utili al miglioramento dell&#8217;efficienza energetica per migliorare i costi operativi, raggiungere un&#8217;approfondita conoscenza degli aspetti ambientali (emissioni ed utilizzo risorse) che l\u2019azienda deve effettivamente gestire, capire il quadro legislativo e le prescrizioni applicabili e valutare la significativit\u00e0 degli impatti e ricercarne il continuo miglioramento.<\/p>\n\t\t\t\t\t\t\t\t<\/div>\n\t\t\t\t<\/div>\n\t\t\t\t\t<\/div>\n\t\t<\/div>\n\t\t\t\t\t<\/div>\n\t\t<\/section>\n\t\t\t\t<\/div>\n\t\t","protected":false},"excerpt":{"rendered":"<p>compliant with<br \/>\nISO 14001 \/ UNI EN ISO 14001: 2015<\/p>\n","protected":false},"author":1,"featured_media":28534,"parent":6772,"menu_order":3,"comment_status":"closed","ping_status":"closed","template":"","meta":{"_acf_changed":false,"footnotes":""},"page_category":[86],"class_list":["post-6791","page","type-page","status-publish","has-post-thumbnail","hentry","page_category-certificazioni-di-sistema"],"acf":[],"yoast_head":"<!-- This site is optimized with the Yoast SEO plugin v27.1.1 - https:\/\/yoast.com\/product\/yoast-seo-wordpress\/ -->\n<title>Environmental Management System - Zintek<\/title>\n<meta name=\"description\" content=\"Zintek has chosen to apply an Environmental Management System, in compliance with the international UNI EN ISO 14001 Standard.\" \/>\n<meta name=\"robots\" content=\"index, follow, max-snippet:-1, max-image-preview:large, max-video-preview:-1\" \/>\n<link rel=\"canonical\" href=\"https:\/\/www.zintek.it\/en\/who-we-are\/certifications\/environmental-management-system\/\" \/>\n<meta property=\"og:locale\" content=\"en_US\" \/>\n<meta property=\"og:type\" content=\"article\" \/>\n<meta property=\"og:title\" content=\"Environmental Management System - Zintek\" \/>\n<meta property=\"og:description\" content=\"Zintek has chosen to apply an Environmental Management System, in compliance with the international UNI EN ISO 14001 Standard.\" \/>\n<meta property=\"og:url\" content=\"https:\/\/www.zintek.it\/en\/who-we-are\/certifications\/environmental-management-system\/\" \/>\n<meta property=\"og:site_name\" content=\"Zintek\" \/>\n<meta property=\"article:publisher\" content=\"https:\/\/www.facebook.com\/ZintekSrl\" \/>\n<meta property=\"article:modified_time\" content=\"2023-09-28T09:31:22+00:00\" \/>\n<meta property=\"og:image\" content=\"https:\/\/www.zintek.it\/wp-content\/uploads\/2023\/09\/SGS_ISO-14001_EN.jpg\" \/>\n\t<meta property=\"og:image:width\" content=\"1200\" \/>\n\t<meta property=\"og:image:height\" content=\"1650\" \/>\n\t<meta property=\"og:image:type\" content=\"image\/jpeg\" \/>\n<meta name=\"twitter:card\" content=\"summary_large_image\" \/>\n<meta name=\"twitter:label1\" content=\"Est. reading time\" \/>\n\t<meta name=\"twitter:data1\" content=\"2 minutes\" \/>\n<script type=\"application\/ld+json\" class=\"yoast-schema-graph\">{\"@context\":\"https:\/\/schema.org\",\"@graph\":[{\"@type\":\"WebPage\",\"@id\":\"https:\/\/www.zintek.it\/en\/who-we-are\/certifications\/environmental-management-system\/\",\"url\":\"https:\/\/www.zintek.it\/en\/who-we-are\/certifications\/environmental-management-system\/\",\"name\":\"Environmental Management System - Zintek\",\"isPartOf\":{\"@id\":\"https:\/\/www.zintek.it\/en\/#website\"},\"primaryImageOfPage\":{\"@id\":\"https:\/\/www.zintek.it\/en\/who-we-are\/certifications\/environmental-management-system\/#primaryimage\"},\"image\":{\"@id\":\"https:\/\/www.zintek.it\/en\/who-we-are\/certifications\/environmental-management-system\/#primaryimage\"},\"thumbnailUrl\":\"https:\/\/www.zintek.it\/wp-content\/uploads\/2023\/09\/SGS_ISO-14001_EN.jpg\",\"datePublished\":\"2019-12-16T14:27:18+00:00\",\"dateModified\":\"2023-09-28T09:31:22+00:00\",\"description\":\"Zintek has chosen to apply an Environmental Management System, in compliance with the international UNI EN ISO 14001 Standard.\",\"breadcrumb\":{\"@id\":\"https:\/\/www.zintek.it\/en\/who-we-are\/certifications\/environmental-management-system\/#breadcrumb\"},\"inLanguage\":\"en-US\",\"potentialAction\":[{\"@type\":\"ReadAction\",\"target\":[\"https:\/\/www.zintek.it\/en\/who-we-are\/certifications\/environmental-management-system\/\"]}]},{\"@type\":\"ImageObject\",\"inLanguage\":\"en-US\",\"@id\":\"https:\/\/www.zintek.it\/en\/who-we-are\/certifications\/environmental-management-system\/#primaryimage\",\"url\":\"https:\/\/www.zintek.it\/wp-content\/uploads\/2023\/09\/SGS_ISO-14001_EN.jpg\",\"contentUrl\":\"https:\/\/www.zintek.it\/wp-content\/uploads\/2023\/09\/SGS_ISO-14001_EN.jpg\",\"width\":1200,\"height\":1650},{\"@type\":\"BreadcrumbList\",\"@id\":\"https:\/\/www.zintek.it\/en\/who-we-are\/certifications\/environmental-management-system\/#breadcrumb\",\"itemListElement\":[{\"@type\":\"ListItem\",\"position\":1,\"name\":\"Home\",\"item\":\"https:\/\/www.zintek.it\/en\/\"},{\"@type\":\"ListItem\",\"position\":2,\"name\":\"Who we are\",\"item\":\"https:\/\/www.zintek.it\/en\/who-we-are\/\"},{\"@type\":\"ListItem\",\"position\":3,\"name\":\"System certifications\",\"item\":\"https:\/\/www.zintek.it\/en\/who-we-are\/certifications\/\"},{\"@type\":\"ListItem\",\"position\":4,\"name\":\"Environmental Management System\"}]},{\"@type\":\"WebSite\",\"@id\":\"https:\/\/www.zintek.it\/en\/#website\",\"url\":\"https:\/\/www.zintek.it\/en\/\",\"name\":\"Zintek: Coperture e Rivestimenti in laminato zinco-titanio\",\"description\":\"titanium-zinc in architecture\",\"publisher\":{\"@id\":\"https:\/\/www.zintek.it\/en\/#organization\"},\"potentialAction\":[{\"@type\":\"SearchAction\",\"target\":{\"@type\":\"EntryPoint\",\"urlTemplate\":\"https:\/\/www.zintek.it\/en\/?s={search_term_string}\"},\"query-input\":{\"@type\":\"PropertyValueSpecification\",\"valueRequired\":true,\"valueName\":\"search_term_string\"}}],\"inLanguage\":\"en-US\"},{\"@type\":\"Organization\",\"@id\":\"https:\/\/www.zintek.it\/en\/#organization\",\"name\":\"Zintek Srl\",\"url\":\"https:\/\/www.zintek.it\/en\/\",\"logo\":{\"@type\":\"ImageObject\",\"inLanguage\":\"en-US\",\"@id\":\"https:\/\/www.zintek.it\/en\/#\/schema\/logo\/image\/\",\"url\":\"https:\/\/www.zintek.it\/wp-content\/uploads\/2020\/02\/logo-ZINTEK-IT-nero.png\",\"contentUrl\":\"https:\/\/www.zintek.it\/wp-content\/uploads\/2020\/02\/logo-ZINTEK-IT-nero.png\",\"width\":480,\"height\":86,\"caption\":\"Zintek Srl\"},\"image\":{\"@id\":\"https:\/\/www.zintek.it\/en\/#\/schema\/logo\/image\/\"},\"sameAs\":[\"https:\/\/www.facebook.com\/ZintekSrl\",\"https:\/\/www.instagram.com\/zintek_official\/\",\"https:\/\/www.linkedin.com\/company\/zintek\/\",\"https:\/\/www.pinterest.it\/zintek\/\",\"https:\/\/www.youtube.com\/channel\/UCFx20rqQN2rP7iV4rRYVRGg\/\"]}]}<\/script>\n<!-- \/ Yoast SEO plugin. -->","yoast_head_json":{"title":"Environmental Management System - Zintek","description":"Zintek has chosen to apply an Environmental Management System, in compliance with the international UNI EN ISO 14001 Standard.","robots":{"index":"index","follow":"follow","max-snippet":"max-snippet:-1","max-image-preview":"max-image-preview:large","max-video-preview":"max-video-preview:-1"},"canonical":"https:\/\/www.zintek.it\/en\/who-we-are\/certifications\/environmental-management-system\/","og_locale":"en_US","og_type":"article","og_title":"Environmental Management System - Zintek","og_description":"Zintek has chosen to apply an Environmental Management System, in compliance with the international UNI EN ISO 14001 Standard.","og_url":"https:\/\/www.zintek.it\/en\/who-we-are\/certifications\/environmental-management-system\/","og_site_name":"Zintek","article_publisher":"https:\/\/www.facebook.com\/ZintekSrl","article_modified_time":"2023-09-28T09:31:22+00:00","og_image":[{"width":1200,"height":1650,"url":"https:\/\/www.zintek.it\/wp-content\/uploads\/2023\/09\/SGS_ISO-14001_EN.jpg","type":"image\/jpeg"}],"twitter_card":"summary_large_image","twitter_misc":{"Est. reading time":"2 minutes"},"schema":{"@context":"https:\/\/schema.org","@graph":[{"@type":"WebPage","@id":"https:\/\/www.zintek.it\/en\/who-we-are\/certifications\/environmental-management-system\/","url":"https:\/\/www.zintek.it\/en\/who-we-are\/certifications\/environmental-management-system\/","name":"Environmental Management System - Zintek","isPartOf":{"@id":"https:\/\/www.zintek.it\/en\/#website"},"primaryImageOfPage":{"@id":"https:\/\/www.zintek.it\/en\/who-we-are\/certifications\/environmental-management-system\/#primaryimage"},"image":{"@id":"https:\/\/www.zintek.it\/en\/who-we-are\/certifications\/environmental-management-system\/#primaryimage"},"thumbnailUrl":"https:\/\/www.zintek.it\/wp-content\/uploads\/2023\/09\/SGS_ISO-14001_EN.jpg","datePublished":"2019-12-16T14:27:18+00:00","dateModified":"2023-09-28T09:31:22+00:00","description":"Zintek has chosen to apply an Environmental Management System, in compliance with the international UNI EN ISO 14001 Standard.","breadcrumb":{"@id":"https:\/\/www.zintek.it\/en\/who-we-are\/certifications\/environmental-management-system\/#breadcrumb"},"inLanguage":"en-US","potentialAction":[{"@type":"ReadAction","target":["https:\/\/www.zintek.it\/en\/who-we-are\/certifications\/environmental-management-system\/"]}]},{"@type":"ImageObject","inLanguage":"en-US","@id":"https:\/\/www.zintek.it\/en\/who-we-are\/certifications\/environmental-management-system\/#primaryimage","url":"https:\/\/www.zintek.it\/wp-content\/uploads\/2023\/09\/SGS_ISO-14001_EN.jpg","contentUrl":"https:\/\/www.zintek.it\/wp-content\/uploads\/2023\/09\/SGS_ISO-14001_EN.jpg","width":1200,"height":1650},{"@type":"BreadcrumbList","@id":"https:\/\/www.zintek.it\/en\/who-we-are\/certifications\/environmental-management-system\/#breadcrumb","itemListElement":[{"@type":"ListItem","position":1,"name":"Home","item":"https:\/\/www.zintek.it\/en\/"},{"@type":"ListItem","position":2,"name":"Who we are","item":"https:\/\/www.zintek.it\/en\/who-we-are\/"},{"@type":"ListItem","position":3,"name":"System certifications","item":"https:\/\/www.zintek.it\/en\/who-we-are\/certifications\/"},{"@type":"ListItem","position":4,"name":"Environmental Management System"}]},{"@type":"WebSite","@id":"https:\/\/www.zintek.it\/en\/#website","url":"https:\/\/www.zintek.it\/en\/","name":"Zintek: Coperture e Rivestimenti in laminato zinco-titanio","description":"titanium-zinc in architecture","publisher":{"@id":"https:\/\/www.zintek.it\/en\/#organization"},"potentialAction":[{"@type":"SearchAction","target":{"@type":"EntryPoint","urlTemplate":"https:\/\/www.zintek.it\/en\/?s={search_term_string}"},"query-input":{"@type":"PropertyValueSpecification","valueRequired":true,"valueName":"search_term_string"}}],"inLanguage":"en-US"},{"@type":"Organization","@id":"https:\/\/www.zintek.it\/en\/#organization","name":"Zintek Srl","url":"https:\/\/www.zintek.it\/en\/","logo":{"@type":"ImageObject","inLanguage":"en-US","@id":"https:\/\/www.zintek.it\/en\/#\/schema\/logo\/image\/","url":"https:\/\/www.zintek.it\/wp-content\/uploads\/2020\/02\/logo-ZINTEK-IT-nero.png","contentUrl":"https:\/\/www.zintek.it\/wp-content\/uploads\/2020\/02\/logo-ZINTEK-IT-nero.png","width":480,"height":86,"caption":"Zintek Srl"},"image":{"@id":"https:\/\/www.zintek.it\/en\/#\/schema\/logo\/image\/"},"sameAs":["https:\/\/www.facebook.com\/ZintekSrl","https:\/\/www.instagram.com\/zintek_official\/","https:\/\/www.linkedin.com\/company\/zintek\/","https:\/\/www.pinterest.it\/zintek\/","https:\/\/www.youtube.com\/channel\/UCFx20rqQN2rP7iV4rRYVRGg\/"]}]}},"_links":{"self":[{"href":"https:\/\/www.zintek.it\/en\/wp-json\/wp\/v2\/pages\/6791","targetHints":{"allow":["GET"]}}],"collection":[{"href":"https:\/\/www.zintek.it\/en\/wp-json\/wp\/v2\/pages"}],"about":[{"href":"https:\/\/www.zintek.it\/en\/wp-json\/wp\/v2\/types\/page"}],"author":[{"embeddable":true,"href":"https:\/\/www.zintek.it\/en\/wp-json\/wp\/v2\/users\/1"}],"replies":[{"embeddable":true,"href":"https:\/\/www.zintek.it\/en\/wp-json\/wp\/v2\/comments?post=6791"}],"version-history":[{"count":0,"href":"https:\/\/www.zintek.it\/en\/wp-json\/wp\/v2\/pages\/6791\/revisions"}],"up":[{"embeddable":true,"href":"https:\/\/www.zintek.it\/en\/wp-json\/wp\/v2\/pages\/6772"}],"wp:featuredmedia":[{"embeddable":true,"href":"https:\/\/www.zintek.it\/en\/wp-json\/wp\/v2\/media\/28534"}],"wp:attachment":[{"href":"https:\/\/www.zintek.it\/en\/wp-json\/wp\/v2\/media?parent=6791"}],"wp:term":[{"taxonomy":"page_category","embeddable":true,"href":"https:\/\/www.zintek.it\/en\/wp-json\/wp\/v2\/page_category?post=6791"}],"curies":[{"name":"wp","href":"https:\/\/api.w.org\/{rel}","templated":true}]}}